{"id":125,"date":"2023-09-17T11:52:01","date_gmt":"2023-09-17T14:52:01","guid":{"rendered":"https:\/\/kliquesites.com.br\/vovocozinha\/?page_id=125"},"modified":"2023-09-24T14:50:15","modified_gmt":"2023-09-24T17:50:15","slug":"quem-somos","status":"publish","type":"page","link":"https:\/\/kliquesites.com.br\/vovocozinha\/quem-somos\/","title":{"rendered":"Quem Somos"},"content":{"rendered":"\t\t<div data-elementor-type=\"wp-page\" data-elementor-id=\"125\" class=\"elementor elementor-125\" data-elementor-settings=\"{&quot;ha_cmc_init_switcher&quot;:&quot;no&quot;}\">\n\t\t\t\t<div class=\"elementor-element elementor-element-2e86aa0 e-flex e-con-boxed e-con e-parent\" data-id=\"2e86aa0\" data-element_type=\"container\" data-settings=\"{&quot;background_background&quot;:&quot;classic&quot;,&quot;_ha_eqh_enable&quot;:false}\">\n\t\t\t\t\t<div class=\"e-con-inner\">\n\t\t\t\t<div class=\"elementor-element elementor-element-67ebd33 elementor-widget elementor-widget-heading\" data-id=\"67ebd33\" data-element_type=\"widget\" data-widget_type=\"heading.default\">\n\t\t\t\t<div class=\"elementor-widget-container\">\n\t\t\t\t\t<h2 class=\"elementor-heading-title elementor-size-default\">Quem Somos<\/h2>\t\t\t\t<\/div>\n\t\t\t\t<\/div>\n\t\t\t\t<div class=\"elementor-element elementor-element-9db84db elementor-widget elementor-widget-text-editor\" data-id=\"9db84db\" data-element_type=\"widget\" data-widget_type=\"text-editor.default\">\n\t\t\t\t<div class=\"elementor-widget-container\">\n\t\t\t\t\t\t\t\t\t<p><span style=\"font-weight: 400;\">Bem-vindos ao blog Vov\u00f3 Cozinha, onde tradi\u00e7\u00e3o e inova\u00e7\u00e3o se unem para criar experi\u00eancias gastron\u00f4micas \u00fanicas. Vov\u00f3 Neide compartilha suas receitas tradicionais e segredos de fam\u00edlia, enquanto seu neto Natan, o redator do blog, adiciona toques criativos e dicas modernas. Juntos, inspiramos sua criatividade na cozinha e celebramos o amor pela culin\u00e1ria caseira!<\/span><span style=\"font-weight: 400;\"><br \/><\/span><\/p>\t\t\t\t\t\t\t\t<\/div>\n\t\t\t\t<\/div>\n\t\t\t\t\t<\/div>\n\t\t\t\t<\/div>\n\t\t<div class=\"elementor-element elementor-element-6cf3a28 e-flex e-con-boxed e-con e-parent\" data-id=\"6cf3a28\" data-element_type=\"container\" data-settings=\"{&quot;_ha_eqh_enable&quot;:false}\">\n\t\t\t\t\t<div class=\"e-con-inner\">\n\t\t<div class=\"elementor-element elementor-element-eeb58c6 e-con-full e-flex e-con e-child\" data-id=\"eeb58c6\" data-element_type=\"container\" data-settings=\"{&quot;_ha_eqh_enable&quot;:false}\">\n\t\t\t\t<div class=\"elementor-element elementor-element-0ac0b26 elementor-widget__width-inherit elementor-widget elementor-widget-heading\" data-id=\"0ac0b26\" data-element_type=\"widget\" data-widget_type=\"heading.default\">\n\t\t\t\t<div class=\"elementor-widget-container\">\n\t\t\t\t\t<h2 class=\"elementor-heading-title elementor-size-default\">Donos do blog<\/h2>\t\t\t\t<\/div>\n\t\t\t\t<\/div>\n\t\t\t\t<div class=\"elementor-element elementor-element-91d288c elementor-widget__width-inherit elementor-widget elementor-widget-text-editor\" data-id=\"91d288c\" data-element_type=\"widget\" data-widget_type=\"text-editor.default\">\n\t\t\t\t<div class=\"elementor-widget-container\">\n\t\t\t\t\t\t\t\t\t<p><span style=\"font-weight: 400;\">Conhe\u00e7a quem escreve as receitas para voc\u00ea e cuida do blog<\/span><span style=\"font-weight: 400;\"><br \/><\/span><\/p>\t\t\t\t\t\t\t\t<\/div>\n\t\t\t\t<\/div>\n\t\t\t\t<div class=\"elementor-element elementor-element-657291a elementor-widget__width-initial elementor-widget-mobile__width-inherit elementor-position-top elementor-widget elementor-widget-image-box\" data-id=\"657291a\" data-element_type=\"widget\" data-widget_type=\"image-box.default\">\n\t\t\t\t<div class=\"elementor-widget-container\">\n\t\t\t\t\t<div class=\"elementor-image-box-wrapper\"><figure class=\"elementor-image-box-img\"><img fetchpriority=\"high\" decoding=\"async\" width=\"300\" height=\"300\" src=\"https:\/\/kliquesites.com.br\/vovocozinha\/wp-content\/uploads\/2023\/09\/Vovo-Neide.png\" class=\"elementor-animation-shrink attachment-full size-full wp-image-594\" alt=\"Vov\u00f3 Neide\" srcset=\"https:\/\/kliquesites.com.br\/vovocozinha\/wp-content\/uploads\/2023\/09\/Vovo-Neide.png 300w, https:\/\/kliquesites.com.br\/vovocozinha\/wp-content\/uploads\/2023\/09\/Vovo-Neide-150x150.png 150w, https:\/\/kliquesites.com.br\/vovocozinha\/wp-content\/uploads\/2023\/09\/Vovo-Neide-230x230.png 230w\" sizes=\"(max-width: 300px) 100vw, 300px\" \/><\/figure><div class=\"elementor-image-box-content\"><h3 class=\"elementor-image-box-title\">Vov\u00f3 Neide<\/h3><p class=\"elementor-image-box-description\">Vov\u00f3 Neide \u00e9 a pessoa que cria e publica todas as receitas no seu canal do YouTube \"Vov\u00f3 Neide\". Sempre teve paix\u00e3o e talento na cozinha e no auge dos seus 68 anos decidiu ajudar outras pessoas a fazerem receitas maravilhosas.<\/p><\/div><\/div>\t\t\t\t<\/div>\n\t\t\t\t<\/div>\n\t\t\t\t<div class=\"elementor-element elementor-element-e4ffd50 elementor-widget__width-initial elementor-widget-mobile__width-inherit elementor-position-top elementor-widget elementor-widget-image-box\" data-id=\"e4ffd50\" data-element_type=\"widget\" data-widget_type=\"image-box.default\">\n\t\t\t\t<div class=\"elementor-widget-container\">\n\t\t\t\t\t<div class=\"elementor-image-box-wrapper\"><figure class=\"elementor-image-box-img\"><img decoding=\"async\" width=\"300\" height=\"300\" src=\"https:\/\/kliquesites.com.br\/vovocozinha\/wp-content\/uploads\/2023\/09\/Natan.png\" class=\"elementor-animation-shrink attachment-full size-full wp-image-595\" alt=\"Natan\" srcset=\"https:\/\/kliquesites.com.br\/vovocozinha\/wp-content\/uploads\/2023\/09\/Natan.png 300w, https:\/\/kliquesites.com.br\/vovocozinha\/wp-content\/uploads\/2023\/09\/Natan-150x150.png 150w, https:\/\/kliquesites.com.br\/vovocozinha\/wp-content\/uploads\/2023\/09\/Natan-230x230.png 230w\" sizes=\"(max-width: 300px) 100vw, 300px\" \/><\/figure><div class=\"elementor-image-box-content\"><h3 class=\"elementor-image-box-title\">Natan<\/h3><p class=\"elementor-image-box-description\">Eu sou o Natan, neto da Vov\u00f3 Neide e administrador do blog, tamb\u00e9m sou redator das receitas e estou sempre por aqui para responder as d\u00favidas de voc\u00eas. \u00c9 um prazer usar o meu amor pela escrita para passar os conhecimentos culin\u00e1rios de minha v\u00f3.<\/p><\/div><\/div>\t\t\t\t<\/div>\n\t\t\t\t<\/div>\n\t\t\t\t<\/div>\n\t\t<div class=\"elementor-element elementor-element-25ed4b4 e-con-full e-flex e-con e-child\" data-id=\"25ed4b4\" data-element_type=\"container\" id=\"anuncie\" data-settings=\"{&quot;_ha_eqh_enable&quot;:false}\">\n\t\t\t\t<div class=\"elementor-element elementor-element-597cdcc elementor-position-left elementor-vertical-align-middle elementor-widget__width-initial elementor-widget elementor-widget-image-box\" data-id=\"597cdcc\" data-element_type=\"widget\" data-widget_type=\"image-box.default\">\n\t\t\t\t<div class=\"elementor-widget-container\">\n\t\t\t\t\t<div class=\"elementor-image-box-wrapper\"><figure class=\"elementor-image-box-img\"><img decoding=\"async\" width=\"512\" height=\"512\" src=\"https:\/\/kliquesites.com.br\/vovocozinha\/wp-content\/uploads\/2023\/09\/newsletter.png\" class=\"elementor-animation-shrink attachment-full size-full wp-image-606\" alt=\"Anuncie\" srcset=\"https:\/\/kliquesites.com.br\/vovocozinha\/wp-content\/uploads\/2023\/09\/newsletter.png 512w, https:\/\/kliquesites.com.br\/vovocozinha\/wp-content\/uploads\/2023\/09\/newsletter-300x300.png 300w, https:\/\/kliquesites.com.br\/vovocozinha\/wp-content\/uploads\/2023\/09\/newsletter-150x150.png 150w, https:\/\/kliquesites.com.br\/vovocozinha\/wp-content\/uploads\/2023\/09\/newsletter-230x230.png 230w, https:\/\/kliquesites.com.br\/vovocozinha\/wp-content\/uploads\/2023\/09\/newsletter-400x400.png 400w\" sizes=\"(max-width: 512px) 100vw, 512px\" \/><\/figure><div class=\"elementor-image-box-content\"><h3 class=\"elementor-image-box-title\">Anuncie no nosso blog!<\/h3><p class=\"elementor-image-box-description\">Junte-se a n\u00f3s e descubra como podemos impulsionar o seu neg\u00f3cio, criando conte\u00fado cativante para os seus clientes. Colocamos toda a nossa tecnologia e expertise \u00e0 sua disposi\u00e7\u00e3o. J\u00e1 provamos nossa habilidade em produzir conte\u00fado que realmente atrai as pessoas, e agora estamos prontos para fazer isso por voc\u00ea.<\/p><\/div><\/div>\t\t\t\t<\/div>\n\t\t\t\t<\/div>\n\t\t\t\t<div class=\"elementor-element elementor-element-94073a1 elementor-align-center elementor-widget elementor-widget-button\" data-id=\"94073a1\" data-element_type=\"widget\" data-widget_type=\"button.default\">\n\t\t\t\t<div class=\"elementor-widget-container\">\n\t\t\t\t\t\t\t\t\t<div class=\"elementor-button-wrapper\">\n\t\t\t\t\t<a class=\"elementor-button elementor-button-link elementor-size-sm elementor-animation-shrink\" href=\"https:\/\/kliquesites.com.br\/vovocozinha\/contato\/\">\n\t\t\t\t\t\t<span class=\"elementor-button-content-wrapper\">\n\t\t\t\t\t\t<span class=\"elementor-button-icon\">\n\t\t\t\t<i aria-hidden=\"true\" class=\"hm hm-arrow-right\"><\/i>\t\t\t<\/span>\n\t\t\t\t\t\t\t\t\t<span class=\"elementor-button-text\">Fale Conosco<\/span>\n\t\t\t\t\t<\/span>\n\t\t\t\t\t<\/a>\n\t\t\t\t<\/div>\n\t\t\t\t\t\t\t\t<\/div>\n\t\t\t\t<\/div>\n\t\t\t\t<\/div>\n\t\t\t\t\t<\/div>\n\t\t\t\t<\/div>\n\t\t\t\t<\/div>\n\t\t","protected":false},"excerpt":{"rendered":"<p>Quem Somos Bem-vindos ao blog Vov\u00f3 Cozinha, onde tradi\u00e7\u00e3o e inova\u00e7\u00e3o se unem para criar experi\u00eancias gastron\u00f4micas \u00fanicas. Vov\u00f3 Neide compartilha suas receitas tradicionais e segredos de fam\u00edlia, enquanto seu neto Natan, o redator do blog, adiciona toques criativos e dicas modernas. Juntos, inspiramos sua criatividade na cozinha e celebramos o amor pela culin\u00e1ria caseira! [&hellip;]<\/p>\n","protected":false},"author":3,"featured_media":0,"parent":0,"menu_order":0,"comment_status":"closed","ping_status":"closed","template":"elementor_header_footer","meta":{"footnotes":""},"class_list":["post-125","page","type-page","status-publish","hentry"],"_links":{"self":[{"href":"https:\/\/kliquesites.com.br\/vovocozinha\/wp-json\/wp\/v2\/pages\/125","targetHints":{"allow":["GET"]}}],"collection":[{"href":"https:\/\/kliquesites.com.br\/vovocozinha\/wp-json\/wp\/v2\/pages"}],"about":[{"href":"https:\/\/kliquesites.com.br\/vovocozinha\/wp-json\/wp\/v2\/types\/page"}],"author":[{"embeddable":true,"href":"https:\/\/kliquesites.com.br\/vovocozinha\/wp-json\/wp\/v2\/users\/3"}],"replies":[{"embeddable":true,"href":"https:\/\/kliquesites.com.br\/vovocozinha\/wp-json\/wp\/v2\/comments?post=125"}],"version-history":[{"count":0,"href":"https:\/\/kliquesites.com.br\/vovocozinha\/wp-json\/wp\/v2\/pages\/125\/revisions"}],"wp:attachment":[{"href":"https:\/\/kliquesites.com.br\/vovocozinha\/wp-json\/wp\/v2\/media?parent=125"}],"curies":[{"name":"wp","href":"https:\/\/api.w.org\/{rel}","templated":true}]}}