{"id":76,"date":"2023-09-08T20:25:21","date_gmt":"2023-09-08T23:25:21","guid":{"rendered":"https:\/\/kliquesites.com.br\/floriculturaeden\/?post_type=product&#038;p=76"},"modified":"2023-09-08T20:29:15","modified_gmt":"2023-09-08T23:29:15","slug":"caixa-de-girassois-para-maes-chocolates-e-cartao","status":"publish","type":"product","link":"https:\/\/kliquesites.com.br\/floriculturaeden\/produto\/caixa-de-girassois-para-maes-chocolates-e-cartao\/","title":{"rendered":"Caixa de Girass\u00f3is para M\u00e3es + Chocolates e Cart\u00e3o"},"content":{"rendered":"","protected":false},"excerpt":{"rendered":"","protected":false},"featured_media":77,"comment_status":"open","ping_status":"closed","template":"","meta":[],"product_brand":[],"product_cat":[20,15],"product_tag":[],"class_list":{"0":"post-76","1":"product","2":"type-product","3":"status-publish","4":"has-post-thumbnail","6":"product_cat-especiais","7":"product_cat-flores","9":"first","10":"instock","11":"shipping-taxable","12":"purchasable","13":"product-type-simple"},"_links":{"self":[{"href":"https:\/\/kliquesites.com.br\/floriculturaeden\/wp-json\/wp\/v2\/product\/76","targetHints":{"allow":["GET"]}}],"collection":[{"href":"https:\/\/kliquesites.com.br\/floriculturaeden\/wp-json\/wp\/v2\/product"}],"about":[{"href":"https:\/\/kliquesites.com.br\/floriculturaeden\/wp-json\/wp\/v2\/types\/product"}],"replies":[{"embeddable":true,"href":"https:\/\/kliquesites.com.br\/floriculturaeden\/wp-json\/wp\/v2\/comments?post=76"}],"wp:featuredmedia":[{"embeddable":true,"href":"https:\/\/kliquesites.com.br\/floriculturaeden\/wp-json\/wp\/v2\/media\/77"}],"wp:attachment":[{"href":"https:\/\/kliquesites.com.br\/floriculturaeden\/wp-json\/wp\/v2\/media?parent=76"}],"wp:term":[{"taxonomy":"product_brand","embeddable":true,"href":"https:\/\/kliquesites.com.br\/floriculturaeden\/wp-json\/wp\/v2\/product_brand?post=76"},{"taxonomy":"product_cat","embeddable":true,"href":"https:\/\/kliquesites.com.br\/floriculturaeden\/wp-json\/wp\/v2\/product_cat?post=76"},{"taxonomy":"product_tag","embeddable":true,"href":"https:\/\/kliquesites.com.br\/floriculturaeden\/wp-json\/wp\/v2\/product_tag?post=76"}],"curies":[{"name":"wp","href":"https:\/\/api.w.org\/{rel}","templated":true}]}}