{"id":820,"date":"2023-09-20T20:55:19","date_gmt":"2023-09-20T23:55:19","guid":{"rendered":"https:\/\/kliquesites.com.br\/floriculturaeden\/?page_id=820"},"modified":"2023-09-20T20:56:10","modified_gmt":"2023-09-20T23:56:10","slug":"carrinho","status":"publish","type":"page","link":"https:\/\/kliquesites.com.br\/floriculturaeden\/carrinho\/","title":{"rendered":"Carrinho"},"content":{"rendered":"\t\t<div data-elementor-type=\"wp-page\" data-elementor-id=\"820\" class=\"elementor elementor-820\" data-elementor-settings=\"{&quot;ha_cmc_init_switcher&quot;:&quot;no&quot;}\">\n\t\t\t\t\t\t<section class=\"elementor-section elementor-top-section elementor-element elementor-element-9da656d elementor-section-boxed elementor-section-height-default elementor-section-height-default\" data-id=\"9da656d\" data-element_type=\"section\">\n\t\t\t\t\t\t<div class=\"elementor-container elementor-column-gap-default\">\n\t\t\t\t\t<div class=\"elementor-column elementor-col-100 elementor-top-column elementor-element elementor-element-e11bddc\" data-id=\"e11bddc\" data-element_type=\"column\">\n\t\t\t<div class=\"elementor-widget-wrap elementor-element-populated\">\n\t\t\t\t\t\t<div class=\"elementor-element elementor-element-cf3e696 elementor-widget elementor-widget-shopengine-cart-table\" data-id=\"cf3e696\" data-element_type=\"widget\" data-widget_type=\"shopengine-cart-table.default\">\n\t\t\t\t<div class=\"elementor-widget-container\">\n\t\t\t\t\t<div class=\"shopengine shopengine-widget\"><\/div>\t\t\t\t<\/div>\n\t\t\t\t<\/div>\n\t\t\t\t\t<\/div>\n\t\t<\/div>\n\t\t\t\t\t<\/div>\n\t\t<\/section>\n\t\t\t\t<section class=\"elementor-section elementor-top-section elementor-element elementor-element-2425e0d elementor-section-boxed elementor-section-height-default elementor-section-height-default\" data-id=\"2425e0d\" data-element_type=\"section\">\n\t\t\t\t\t\t<div class=\"elementor-container elementor-column-gap-default\">\n\t\t\t\t\t<div class=\"elementor-column elementor-col-50 elementor-top-column elementor-element elementor-element-03ba054\" data-id=\"03ba054\" data-element_type=\"column\">\n\t\t\t<div class=\"elementor-widget-wrap elementor-element-populated\">\n\t\t\t\t\t\t<div class=\"elementor-element elementor-element-5d4f7af elementor-widget elementor-widget-shopengine-checkout-coupon-form\" data-id=\"5d4f7af\" data-element_type=\"widget\" data-widget_type=\"shopengine-checkout-coupon-form.default\">\n\t\t\t\t<div class=\"elementor-widget-container\">\n\t\t\t\t\t<div class=\"shopengine shopengine-widget\"><\/div>\t\t\t\t<\/div>\n\t\t\t\t<\/div>\n\t\t\t\t\t<\/div>\n\t\t<\/div>\n\t\t\t\t<div class=\"elementor-column elementor-col-50 elementor-top-column elementor-element elementor-element-48320c2\" data-id=\"48320c2\" data-element_type=\"column\" data-settings=\"{&quot;background_background&quot;:&quot;classic&quot;}\">\n\t\t\t<div class=\"elementor-widget-wrap elementor-element-populated\">\n\t\t\t\t\t\t<div class=\"elementor-element elementor-element-521ab08 elementor-widget__width-initial elementor-widget elementor-widget-shopengine-cart-totals\" data-id=\"521ab08\" data-element_type=\"widget\" data-widget_type=\"shopengine-cart-totals.default\">\n\t\t\t\t<div class=\"elementor-widget-container\">\n\t\t\t\t\t<div class=\"shopengine shopengine-widget\"><\/div>\t\t\t\t<\/div>\n\t\t\t\t<\/div>\n\t\t\t\t\t<\/div>\n\t\t<\/div>\n\t\t\t\t\t<\/div>\n\t\t<\/section>\n\t\t\t\t<\/div>\n\t\t","protected":false},"excerpt":{"rendered":"<p>Nome do Produto Pre\u00e7o Quantidade Subtotal Buqu\u00ea de Noiva com Tulipas Brancas &#82;&#36;175,00 &minus;&plus; Buqu\u00ea de Noiva com Tulipas Brancas quantidade &#82;&#36;175,00 Continuar comprando Atualizar Carrinho Limpar Tudo Tem um cupom de desconto? Clique aqui para digit\u00e1-lo Se voc\u00ea tem um c\u00f3digo de cupom, aplique-o abaixo. Aplicar Subtotal &#82;&#36;175,00 Total &#82;&#36;175,00 Continuar para a finaliza\u00e7\u00e3o [&hellip;]<\/p>\n","protected":false},"author":2,"featured_media":0,"parent":0,"menu_order":0,"comment_status":"closed","ping_status":"closed","template":"elementor_header_footer","meta":{"footnotes":""},"class_list":["post-820","page","type-page","status-publish","hentry"],"_links":{"self":[{"href":"https:\/\/kliquesites.com.br\/floriculturaeden\/wp-json\/wp\/v2\/pages\/820","targetHints":{"allow":["GET"]}}],"collection":[{"href":"https:\/\/kliquesites.com.br\/floriculturaeden\/wp-json\/wp\/v2\/pages"}],"about":[{"href":"https:\/\/kliquesites.com.br\/floriculturaeden\/wp-json\/wp\/v2\/types\/page"}],"author":[{"embeddable":true,"href":"https:\/\/kliquesites.com.br\/floriculturaeden\/wp-json\/wp\/v2\/users\/2"}],"replies":[{"embeddable":true,"href":"https:\/\/kliquesites.com.br\/floriculturaeden\/wp-json\/wp\/v2\/comments?post=820"}],"version-history":[{"count":0,"href":"https:\/\/kliquesites.com.br\/floriculturaeden\/wp-json\/wp\/v2\/pages\/820\/revisions"}],"wp:attachment":[{"href":"https:\/\/kliquesites.com.br\/floriculturaeden\/wp-json\/wp\/v2\/media?parent=820"}],"curies":[{"name":"wp","href":"https:\/\/api.w.org\/{rel}","templated":true}]}}