{"id":3,"date":"2023-09-07T15:48:33","date_gmt":"2023-09-07T18:48:33","guid":{"rendered":"https:\/\/kliquesites.com.br\/floriculturaeden\/?page_id=3"},"modified":"2023-09-11T20:41:04","modified_gmt":"2023-09-11T23:41:04","slug":"politica-de-privacidade","status":"publish","type":"page","link":"https:\/\/kliquesites.com.br\/floriculturaeden\/politica-de-privacidade\/","title":{"rendered":"Pol\u00edtica de privacidade"},"content":{"rendered":"\t\t<div data-elementor-type=\"wp-page\" data-elementor-id=\"3\" class=\"elementor elementor-3\" data-elementor-settings=\"{&quot;ha_cmc_init_switcher&quot;:&quot;no&quot;}\">\n\t\t\t\t\t\t<section class=\"elementor-section elementor-top-section elementor-element elementor-element-45c06bbe elementor-section-boxed elementor-section-height-default elementor-section-height-default\" data-id=\"45c06bbe\" data-element_type=\"section\">\n\t\t\t\t\t\t<div class=\"elementor-container elementor-column-gap-default\">\n\t\t\t\t\t<div class=\"elementor-column elementor-col-100 elementor-top-column elementor-element elementor-element-1ccafd8c\" data-id=\"1ccafd8c\" data-element_type=\"column\">\n\t\t\t<div class=\"elementor-widget-wrap elementor-element-populated\">\n\t\t\t\t\t\t<div class=\"elementor-element elementor-element-638eb71d elementor-widget elementor-widget-text-editor\" data-id=\"638eb71d\" data-element_type=\"widget\" data-widget_type=\"text-editor.default\">\n\t\t\t\t<div class=\"elementor-widget-container\">\n\t\t\t\t\t\t\t\t\t\n<h5 class=\"wp-block-heading\"><strong>POL\u00cdTICA DE PRIVACIDADE<\/strong><\/h5>\n<h5><strong>Quem somos<\/strong><\/h5>\n\n<p><span style=\"font-weight: 400;\">N\u00f3s da floricultura \u00c9den estamos comprometidos em proteger a sua privacidade. Esta Pol\u00edtica de Privacidade descreve como coletamos, usamos e compartilhamos informa\u00e7\u00f5es pessoais quando voc\u00ea visita nosso site (www.kliquesites.com.br\/eden) ou utiliza nossos servi\u00e7os. <\/span><\/p>\n<p>\u00a0<\/p>\n\n<h5 class=\"wp-block-heading\"><strong>Informa\u00e7\u00f5es que Coletamos<\/strong><\/h5>\n\n<ul>\n<li><b>Informa\u00e7\u00f5es Pessoais:<\/b><span style=\"font-weight: 400;\"> Quando voc\u00ea realiza uma compra em nossa loja, coletamos informa\u00e7\u00f5es pessoais como seu nome, endere\u00e7o, n\u00famero de telefone, endere\u00e7o de e-mail e informa\u00e7\u00f5es de pagamento. Essas informa\u00e7\u00f5es s\u00e3o necess\u00e1rias para processar sua compra e entregar seus produtos.<\/span><\/li>\n<li><b>Informa\u00e7\u00f5es de Navega\u00e7\u00e3o:<\/b><span style=\"font-weight: 400;\"> Coletamos informa\u00e7\u00f5es sobre o seu dispositivo, navegador e endere\u00e7o IP quando voc\u00ea visita nosso site. Tamb\u00e9m utilizamos cookies e tecnologias similares para coletar informa\u00e7\u00f5es sobre sua atividade de navega\u00e7\u00e3o no Site, como p\u00e1ginas visitadas, produtos visualizados e itens adicionados ao carrinho.<\/span><\/li>\n<li><b>Informa\u00e7\u00f5es de Conta:<\/b><span style=\"font-weight: 400;\"> Se voc\u00ea criar uma conta em nossa loja, coletaremos informa\u00e7\u00f5es de login, como nome de usu\u00e1rio e senha.<\/span><\/li>\n<li><b>Comunica\u00e7\u00f5es:<\/b><span style=\"font-weight: 400;\"> Podemos coletar informa\u00e7\u00f5es de comunica\u00e7\u00e3o que voc\u00ea nos envie, como e-mails, mensagens de chat, coment\u00e1rios ou feedback.<\/span><\/li>\n<\/ul>\n\n<h4 class=\"wp-block-heading\">\u00a0<\/h4>\n<h5><b>Como Usamos Suas Informa\u00e7\u00f5es<\/b><\/h5>\n\n<p><span style=\"font-weight: 400;\">Utilizamos suas informa\u00e7\u00f5es pessoais para os seguintes fins:<\/span><\/p>\n<ul>\n<li><span style=\"font-weight: 400;\">Processar e entregar seus pedidos.<\/span><\/li>\n<li><span style=\"font-weight: 400;\">Personalizar sua experi\u00eancia de compra em nosso Site.<\/span><\/li>\n<li><span style=\"font-weight: 400;\">Fornecer suporte ao cliente e responder \u00e0s suas solicita\u00e7\u00f5es.<\/span><\/li>\n<li><span style=\"font-weight: 400;\">Melhorar nosso Site e servi\u00e7os.<\/span><\/li>\n<li><span style=\"font-weight: 400;\">Enviar comunica\u00e7\u00f5es de marketing, caso voc\u00ea tenha optado por receb\u00ea-las.<\/span><\/li>\n<li><span style=\"font-weight: 400;\">Cumprir obriga\u00e7\u00f5es legais e regulat\u00f3rias.<\/span><\/li>\n<li><span style=\"font-weight: 400;\">Compartilhamento de Informa\u00e7\u00f5es<\/span><\/li>\n<\/ul>\n<p>\u00a0<\/p>\n<p><span style=\"font-weight: 400;\">N\u00e3o vendemos, alugamos ou compartilhamos suas informa\u00e7\u00f5es pessoais com terceiros n\u00e3o afiliados, exceto nas seguintes situa\u00e7\u00f5es:<\/span><\/p>\n<ul>\n<li><span style=\"font-weight: 400;\">Com parceiros de processamento de pagamentos para concluir transa\u00e7\u00f5es.<\/span><\/li>\n<li><span style=\"font-weight: 400;\">Com empresas de entrega para entregar seus produtos.<\/span><\/li>\n<li><span style=\"font-weight: 400;\">Com provedores de servi\u00e7os terceirizados que nos auxiliam na opera\u00e7\u00e3o do Site e na presta\u00e7\u00e3o de servi\u00e7os.<\/span><\/li>\n<li><span style=\"font-weight: 400;\">Para cumprir obriga\u00e7\u00f5es legais ou regulat\u00f3rias, como responder a uma intima\u00e7\u00e3o ou cumprir requisitos fiscais.<\/span><\/li>\n<li><span style=\"font-weight: 400;\">Seguran\u00e7a das Informa\u00e7\u00f5es<\/span><\/li>\n<\/ul>\n<p>\u00a0<\/p>\n<p><span style=\"font-weight: 400;\">Tomamos medidas para proteger suas informa\u00e7\u00f5es pessoais contra perda, roubo e uso n\u00e3o autorizado. Utilizamos medidas de seguran\u00e7a f\u00edsica e tecnol\u00f3gica para proteger seus dados.<\/span><\/p>\n\n<h4 class=\"wp-block-heading\">\u00a0<\/h4>\n<h5><b>Altera\u00e7\u00f5es na Pol\u00edtica de Privacidade<\/b><\/h5>\n\n<p><span style=\"font-weight: 400;\">Podemos atualizar esta Pol\u00edtica de Privacidade de tempos em tempos. A data da \u00faltima atualiza\u00e7\u00e3o ser\u00e1 indicada no in\u00edcio da pol\u00edtica. Recomendamos que voc\u00ea reveja periodicamente esta pol\u00edtica para estar ciente de quaisquer altera\u00e7\u00f5es.<\/span><\/p>\n\t\t\t\t\t\t\t\t<\/div>\n\t\t\t\t<\/div>\n\t\t\t\t\t<\/div>\n\t\t<\/div>\n\t\t\t\t\t<\/div>\n\t\t<\/section>\n\t\t\t\t<\/div>\n\t\t","protected":false},"excerpt":{"rendered":"<p>POL\u00cdTICA DE PRIVACIDADE Quem somos N\u00f3s da floricultura \u00c9den estamos comprometidos em proteger a sua privacidade. Esta Pol\u00edtica de Privacidade descreve como coletamos, usamos e compartilhamos informa\u00e7\u00f5es pessoais quando voc\u00ea visita nosso site (www.kliquesites.com.br\/eden) ou utiliza nossos servi\u00e7os. \u00a0 Informa\u00e7\u00f5es que Coletamos Informa\u00e7\u00f5es Pessoais: Quando voc\u00ea realiza uma compra em nossa loja, coletamos informa\u00e7\u00f5es pessoais [&hellip;]<\/p>\n","protected":false},"author":2,"featured_media":0,"parent":0,"menu_order":0,"comment_status":"closed","ping_status":"closed","template":"elementor_header_footer","meta":{"footnotes":""},"class_list":["post-3","page","type-page","status-publish","hentry"],"_links":{"self":[{"href":"https:\/\/kliquesites.com.br\/floriculturaeden\/wp-json\/wp\/v2\/pages\/3","targetHints":{"allow":["GET"]}}],"collection":[{"href":"https:\/\/kliquesites.com.br\/floriculturaeden\/wp-json\/wp\/v2\/pages"}],"about":[{"href":"https:\/\/kliquesites.com.br\/floriculturaeden\/wp-json\/wp\/v2\/types\/page"}],"author":[{"embeddable":true,"href":"https:\/\/kliquesites.com.br\/floriculturaeden\/wp-json\/wp\/v2\/users\/2"}],"replies":[{"embeddable":true,"href":"https:\/\/kliquesites.com.br\/floriculturaeden\/wp-json\/wp\/v2\/comments?post=3"}],"version-history":[{"count":0,"href":"https:\/\/kliquesites.com.br\/floriculturaeden\/wp-json\/wp\/v2\/pages\/3\/revisions"}],"wp:attachment":[{"href":"https:\/\/kliquesites.com.br\/floriculturaeden\/wp-json\/wp\/v2\/media?parent=3"}],"curies":[{"name":"wp","href":"https:\/\/api.w.org\/{rel}","templated":true}]}}